{"id":3838,"date":"2024-05-15T10:32:20","date_gmt":"2024-05-15T08:32:20","guid":{"rendered":"https:\/\/berghaus-wengen.ch\/restaurant\/"},"modified":"2024-05-17T14:38:25","modified_gmt":"2024-05-17T12:38:25","slug":"restaurant","status":"publish","type":"page","link":"https:\/\/berghaus-wengen.ch\/fr\/restaurant\/","title":{"rendered":"Restaurant"},"content":{"rendered":"","protected":false},"excerpt":{"rendered":"","protected":false},"author":1,"featured_media":0,"parent":0,"menu_order":0,"comment_status":"closed","ping_status":"closed","template":"elementor_header_footer","meta":{"_acf_changed":false,"footnotes":""},"class_list":["post-3838","page","type-page","status-publish","hentry"],"acf":[],"yoast_head":"<!-- This site is optimized with the Yoast SEO plugin v27.4 - https:\/\/yoast.com\/product\/yoast-seo-wordpress\/ -->\n<title>Restaurant - Hotel Berghaus Wengen<\/title>\n<meta name=\"description\" content=\"Que ce soit dans l\u2019agr\u00e9able restaurant ou sur la grande terrasse ensoleill\u00e9e, nous nous r\u00e9jouissons de vous g\u00e2ter culinairement.\" \/>\n<meta name=\"robots\" content=\"index, follow, max-snippet:-1, max-image-preview:large, max-video-preview:-1\" \/>\n<link rel=\"canonical\" href=\"https:\/\/berghaus-wengen.ch\/fr\/restaurant\/\" \/>\n<meta property=\"og:locale\" content=\"fr_FR\" \/>\n<meta property=\"og:type\" content=\"article\" \/>\n<meta property=\"og:title\" content=\"Restaurant - Hotel Berghaus Wengen\" \/>\n<meta property=\"og:description\" content=\"Que ce soit dans l\u2019agr\u00e9able restaurant ou sur la grande terrasse ensoleill\u00e9e, nous nous r\u00e9jouissons de vous g\u00e2ter culinairement.\" \/>\n<meta property=\"og:url\" content=\"https:\/\/berghaus-wengen.ch\/fr\/restaurant\/\" \/>\n<meta property=\"og:site_name\" content=\"Hotel Berghaus Wengen\" \/>\n<meta property=\"article:modified_time\" content=\"2024-05-17T12:38:25+00:00\" \/>\n<meta name=\"twitter:card\" content=\"summary_large_image\" \/>\n<script type=\"application\/ld+json\" class=\"yoast-schema-graph\">{\"@context\":\"https:\\\/\\\/schema.org\",\"@graph\":[{\"@type\":\"WebPage\",\"@id\":\"https:\\\/\\\/berghaus-wengen.ch\\\/fr\\\/restaurant\\\/\",\"url\":\"https:\\\/\\\/berghaus-wengen.ch\\\/fr\\\/restaurant\\\/\",\"name\":\"Restaurant - Hotel Berghaus Wengen\",\"isPartOf\":{\"@id\":\"https:\\\/\\\/berghaus-wengen.ch\\\/fr\\\/#website\"},\"datePublished\":\"2024-05-15T08:32:20+00:00\",\"dateModified\":\"2024-05-17T12:38:25+00:00\",\"description\":\"Que ce soit dans l\u2019agr\u00e9able restaurant ou sur la grande terrasse ensoleill\u00e9e, nous nous r\u00e9jouissons de vous g\u00e2ter culinairement.\",\"breadcrumb\":{\"@id\":\"https:\\\/\\\/berghaus-wengen.ch\\\/fr\\\/restaurant\\\/#breadcrumb\"},\"inLanguage\":\"fr-FR\",\"potentialAction\":[{\"@type\":\"ReadAction\",\"target\":[\"https:\\\/\\\/berghaus-wengen.ch\\\/fr\\\/restaurant\\\/\"]}]},{\"@type\":\"BreadcrumbList\",\"@id\":\"https:\\\/\\\/berghaus-wengen.ch\\\/fr\\\/restaurant\\\/#breadcrumb\",\"itemListElement\":[{\"@type\":\"ListItem\",\"position\":1,\"name\":\"Startseite\",\"item\":\"https:\\\/\\\/berghaus-wengen.ch\\\/fr\\\/accueil\\\/\"},{\"@type\":\"ListItem\",\"position\":2,\"name\":\"Restaurant\"}]},{\"@type\":\"WebSite\",\"@id\":\"https:\\\/\\\/berghaus-wengen.ch\\\/fr\\\/#website\",\"url\":\"https:\\\/\\\/berghaus-wengen.ch\\\/fr\\\/\",\"name\":\"Hotel Berghaus Wengen\",\"description\":\"Herzlich willkommen im Berghaus \u2013 dem gem\u00fctlichen Hotel in der Jungfrauregion!\",\"publisher\":{\"@id\":\"https:\\\/\\\/berghaus-wengen.ch\\\/fr\\\/#organization\"},\"potentialAction\":[{\"@type\":\"SearchAction\",\"target\":{\"@type\":\"EntryPoint\",\"urlTemplate\":\"https:\\\/\\\/berghaus-wengen.ch\\\/fr\\\/?s={search_term_string}\"},\"query-input\":{\"@type\":\"PropertyValueSpecification\",\"valueRequired\":true,\"valueName\":\"search_term_string\"}}],\"inLanguage\":\"fr-FR\"},{\"@type\":\"Organization\",\"@id\":\"https:\\\/\\\/berghaus-wengen.ch\\\/fr\\\/#organization\",\"name\":\"Hotel Berghaus Wengen\",\"url\":\"https:\\\/\\\/berghaus-wengen.ch\\\/fr\\\/\",\"logo\":{\"@type\":\"ImageObject\",\"inLanguage\":\"fr-FR\",\"@id\":\"https:\\\/\\\/berghaus-wengen.ch\\\/fr\\\/#\\\/schema\\\/logo\\\/image\\\/\",\"url\":\"https:\\\/\\\/berghaus-wengen.ch\\\/wp-content\\\/uploads\\\/2023\\\/11\\\/cropped-logo-berghaus-1-1.png\",\"contentUrl\":\"https:\\\/\\\/berghaus-wengen.ch\\\/wp-content\\\/uploads\\\/2023\\\/11\\\/cropped-logo-berghaus-1-1.png\",\"width\":387,\"height\":133,\"caption\":\"Hotel Berghaus Wengen\"},\"image\":{\"@id\":\"https:\\\/\\\/berghaus-wengen.ch\\\/fr\\\/#\\\/schema\\\/logo\\\/image\\\/\"}}]}<\/script>\n<!-- \/ Yoast SEO plugin. -->","yoast_head_json":{"title":"Restaurant - Hotel Berghaus Wengen","description":"Que ce soit dans l\u2019agr\u00e9able restaurant ou sur la grande terrasse ensoleill\u00e9e, nous nous r\u00e9jouissons de vous g\u00e2ter culinairement.","robots":{"index":"index","follow":"follow","max-snippet":"max-snippet:-1","max-image-preview":"max-image-preview:large","max-video-preview":"max-video-preview:-1"},"canonical":"https:\/\/berghaus-wengen.ch\/fr\/restaurant\/","og_locale":"fr_FR","og_type":"article","og_title":"Restaurant - Hotel Berghaus Wengen","og_description":"Que ce soit dans l\u2019agr\u00e9able restaurant ou sur la grande terrasse ensoleill\u00e9e, nous nous r\u00e9jouissons de vous g\u00e2ter culinairement.","og_url":"https:\/\/berghaus-wengen.ch\/fr\/restaurant\/","og_site_name":"Hotel Berghaus Wengen","article_modified_time":"2024-05-17T12:38:25+00:00","twitter_card":"summary_large_image","schema":{"@context":"https:\/\/schema.org","@graph":[{"@type":"WebPage","@id":"https:\/\/berghaus-wengen.ch\/fr\/restaurant\/","url":"https:\/\/berghaus-wengen.ch\/fr\/restaurant\/","name":"Restaurant - Hotel Berghaus Wengen","isPartOf":{"@id":"https:\/\/berghaus-wengen.ch\/fr\/#website"},"datePublished":"2024-05-15T08:32:20+00:00","dateModified":"2024-05-17T12:38:25+00:00","description":"Que ce soit dans l\u2019agr\u00e9able restaurant ou sur la grande terrasse ensoleill\u00e9e, nous nous r\u00e9jouissons de vous g\u00e2ter culinairement.","breadcrumb":{"@id":"https:\/\/berghaus-wengen.ch\/fr\/restaurant\/#breadcrumb"},"inLanguage":"fr-FR","potentialAction":[{"@type":"ReadAction","target":["https:\/\/berghaus-wengen.ch\/fr\/restaurant\/"]}]},{"@type":"BreadcrumbList","@id":"https:\/\/berghaus-wengen.ch\/fr\/restaurant\/#breadcrumb","itemListElement":[{"@type":"ListItem","position":1,"name":"Startseite","item":"https:\/\/berghaus-wengen.ch\/fr\/accueil\/"},{"@type":"ListItem","position":2,"name":"Restaurant"}]},{"@type":"WebSite","@id":"https:\/\/berghaus-wengen.ch\/fr\/#website","url":"https:\/\/berghaus-wengen.ch\/fr\/","name":"Hotel Berghaus Wengen","description":"Herzlich willkommen im Berghaus \u2013 dem gem\u00fctlichen Hotel in der Jungfrauregion!","publisher":{"@id":"https:\/\/berghaus-wengen.ch\/fr\/#organization"},"potentialAction":[{"@type":"SearchAction","target":{"@type":"EntryPoint","urlTemplate":"https:\/\/berghaus-wengen.ch\/fr\/?s={search_term_string}"},"query-input":{"@type":"PropertyValueSpecification","valueRequired":true,"valueName":"search_term_string"}}],"inLanguage":"fr-FR"},{"@type":"Organization","@id":"https:\/\/berghaus-wengen.ch\/fr\/#organization","name":"Hotel Berghaus Wengen","url":"https:\/\/berghaus-wengen.ch\/fr\/","logo":{"@type":"ImageObject","inLanguage":"fr-FR","@id":"https:\/\/berghaus-wengen.ch\/fr\/#\/schema\/logo\/image\/","url":"https:\/\/berghaus-wengen.ch\/wp-content\/uploads\/2023\/11\/cropped-logo-berghaus-1-1.png","contentUrl":"https:\/\/berghaus-wengen.ch\/wp-content\/uploads\/2023\/11\/cropped-logo-berghaus-1-1.png","width":387,"height":133,"caption":"Hotel Berghaus Wengen"},"image":{"@id":"https:\/\/berghaus-wengen.ch\/fr\/#\/schema\/logo\/image\/"}}]}},"_links":{"self":[{"href":"https:\/\/berghaus-wengen.ch\/fr\/wp-json\/wp\/v2\/pages\/3838","targetHints":{"allow":["GET"]}}],"collection":[{"href":"https:\/\/berghaus-wengen.ch\/fr\/wp-json\/wp\/v2\/pages"}],"about":[{"href":"https:\/\/berghaus-wengen.ch\/fr\/wp-json\/wp\/v2\/types\/page"}],"author":[{"embeddable":true,"href":"https:\/\/berghaus-wengen.ch\/fr\/wp-json\/wp\/v2\/users\/1"}],"replies":[{"embeddable":true,"href":"https:\/\/berghaus-wengen.ch\/fr\/wp-json\/wp\/v2\/comments?post=3838"}],"version-history":[{"count":1,"href":"https:\/\/berghaus-wengen.ch\/fr\/wp-json\/wp\/v2\/pages\/3838\/revisions"}],"predecessor-version":[{"id":3839,"href":"https:\/\/berghaus-wengen.ch\/fr\/wp-json\/wp\/v2\/pages\/3838\/revisions\/3839"}],"wp:attachment":[{"href":"https:\/\/berghaus-wengen.ch\/fr\/wp-json\/wp\/v2\/media?parent=3838"}],"curies":[{"name":"wp","href":"https:\/\/api.w.org\/{rel}","templated":true}]}}